{"id":570,"date":"2022-12-16T10:04:18","date_gmt":"2022-12-16T09:04:18","guid":{"rendered":"https:\/\/storflex.be\/inschrijven\/"},"modified":"2024-02-28T11:33:36","modified_gmt":"2024-02-28T10:33:36","slug":"inschrijven","status":"publish","type":"page","link":"https:\/\/storflex.be\/nl\/inschrijven\/","title":{"rendered":"Inschrijven"},"content":{"rendered":"\t\t<div data-elementor-type=\"wp-page\" data-elementor-id=\"570\" class=\"elementor elementor-570 elementor-74\" data-elementor-post-type=\"page\">\n\t\t\t\t\t\t<section class=\"elementor-section elementor-top-section elementor-element elementor-element-ea0d217 elementor-section-content-middle elementor-section-boxed elementor-section-height-default elementor-section-height-default\" data-id=\"ea0d217\" data-element_type=\"section\" data-settings=\"{&quot;jet_parallax_layout_list&quot;:[]}\">\n\t\t\t\t\t\t<div class=\"elementor-container elementor-column-gap-no\">\n\t\t\t\t\t<div class=\"elementor-column elementor-col-100 elementor-top-column elementor-element elementor-element-1af242f\" data-id=\"1af242f\" data-element_type=\"column\">\n\t\t\t<div class=\"elementor-widget-wrap elementor-element-populated\">\n\t\t\t\t\t\t<div class=\"elementor-element elementor-element-e85de0a elementor-widget elementor-widget-heading\" data-id=\"e85de0a\" data-element_type=\"widget\" data-widget_type=\"heading.default\">\n\t\t\t\t<div class=\"elementor-widget-container\">\n\t\t\t<h2 class=\"elementor-heading-title elementor-size-default\">Inschrijven<\/h2>\t\t<\/div>\n\t\t\t\t<\/div>\n\t\t\t\t<div class=\"elementor-element elementor-element-bd0e820 elementor-widget elementor-widget-shortcode\" data-id=\"bd0e820\" data-element_type=\"widget\" data-widget_type=\"shortcode.default\">\n\t\t\t\t<div class=\"elementor-widget-container\">\n\t\t\t\t\t<div class=\"elementor-shortcode\">\n<div class=\"um um-register um-557\">\n\t<div class=\"um-form\" data-mode=\"register\">\n\t\t<form method=\"post\" action=\"\">\n\t\t\t<div class=\"um-row _um_row_1 \" style=\"margin: 0 0 30px 0;\"><div class=\"um-col-1\"><div  id=\"um_field_557_first_name\" class=\"um-field um-field-text  um-field-first_name um-field-text um-field-type_text\" data-key=\"first_name\"><div class=\"um-field-label\"><label for=\"first_name-557\">Pr\u00e9nom<\/label><div class=\"um-clear\"><\/div><\/div><div class=\"um-field-area\"><input  autocomplete=\"off\" class=\"um-form-field valid \" type=\"text\" name=\"first_name-557\" id=\"first_name-557\" value=\"\" placeholder=\"\" data-validate=\"\" data-key=\"first_name\"  aria-invalid=\"false\" \/>\n\n\t\t\t\t\t\t<\/div><\/div><div  id=\"um_field_557_last_name\" class=\"um-field um-field-text  um-field-last_name um-field-text um-field-type_text\" data-key=\"last_name\"><div class=\"um-field-label\"><label for=\"last_name-557\">Nom<\/label><div class=\"um-clear\"><\/div><\/div><div class=\"um-field-area\"><input  autocomplete=\"off\" class=\"um-form-field valid \" type=\"text\" name=\"last_name-557\" id=\"last_name-557\" value=\"\" placeholder=\"\" data-validate=\"\" data-key=\"last_name\"  aria-invalid=\"false\" \/>\n\n\t\t\t\t\t\t<\/div><\/div><div  id=\"um_field_557_phone_number\" class=\"um-field um-field-tel  um-field-phone_number um-field-tel um-field-type_tel\" data-key=\"phone_number\"><div class=\"um-field-label\"><label for=\"phone_number-557\">Num\u00e9ro de t\u00e9l\u00e9phone<\/label><div class=\"um-clear\"><\/div><\/div><div class=\"um-field-area\"><input  autocomplete=\"off\" class=\"um-form-field valid \" type=\"tel\" name=\"phone_number-557\" id=\"phone_number-557\" value=\"\" placeholder=\"\" data-validate=\"phone_number\" data-key=\"phone_number\"  aria-invalid=\"false\" \/>\n\n\t\t\t\t\t\t<\/div><\/div><div  id=\"um_field_557_username\" class=\"um-field um-field-text  um-field-username um-field-text um-field-type_text\" data-key=\"username\"><div class=\"um-field-label\"><label for=\"username-557\">E-mail<\/label><div class=\"um-clear\"><\/div><\/div><div class=\"um-field-area\"><input  autocomplete=\"off\" class=\"um-form-field valid \" type=\"text\" name=\"username-557\" id=\"username-557\" value=\"\" placeholder=\"\" data-validate=\"unique_username_or_email\" data-key=\"username\"  aria-invalid=\"false\" \/>\n\n\t\t\t\t\t\t<\/div><\/div><div  id=\"um_field_557_user_password\" class=\"um-field um-field-password  um-field-user_password um-field-password um-field-type_password\" data-key=\"user_password\"><div class=\"um-field-label\"><label for=\"user_password-557\">Mot de passe<\/label><div class=\"um-clear\"><\/div><\/div><div class=\"um-field-area\"><input class=\"um-form-field valid \" type=\"password\" name=\"user_password-557\" id=\"user_password-557\" value=\"\" placeholder=\"\" data-validate=\"\" data-key=\"user_password\"  aria-invalid=\"false\" \/>\n\n\t\t\t\t\t\t\t<\/div><\/div><div  id=\"um_field_557_confirm_user_password\" class=\"um-field um-field-password  um-field-user_password um-field-password um-field-type_password\" data-key=\"confirm_user_password\"><div class=\"um-field-label\"><label for=\"confirm_user_password-557\">Confirmez le mot de passe<\/label><div class=\"um-clear\"><\/div><\/div><div class=\"um-field-area\"><input class=\"um-form-field valid \" type=\"password\" name=\"confirm_user_password-557\" id=\"confirm_user_password-557\" value=\"\" placeholder=\"Confirmez le mot de passe\" data-validate=\"\" data-key=\"confirm_user_password\"  aria-invalid=\"false\" \/><\/div><\/div><div  id=\"um_field_557_billing_company\" class=\"um-field um-field-text  um-field-billing_company um-field-text um-field-type_text\" data-key=\"billing_company\"><div class=\"um-field-label\"><label for=\"billing_company-557\">Entreprise<\/label><div class=\"um-clear\"><\/div><\/div><div class=\"um-field-area\"><input  autocomplete=\"off\" class=\"um-form-field valid \" type=\"text\" name=\"billing_company-557\" id=\"billing_company-557\" value=\"\" placeholder=\"\" data-validate=\"\" data-key=\"billing_company\"  aria-invalid=\"false\" \/>\n\n\t\t\t\t\t\t<\/div><\/div><div  id=\"um_field_557_billing_address_1\" class=\"um-field um-field-text  um-field-billing_address_1 um-field-text um-field-type_text\" data-key=\"billing_address_1\"><div class=\"um-field-label\"><label for=\"billing_address_1-557\">Adresse<\/label><div class=\"um-clear\"><\/div><\/div><div class=\"um-field-area\"><input  autocomplete=\"off\" class=\"um-form-field valid \" type=\"text\" name=\"billing_address_1-557\" id=\"billing_address_1-557\" value=\"\" placeholder=\"\" data-validate=\"\" data-key=\"billing_address_1\"  aria-invalid=\"false\" \/>\n\n\t\t\t\t\t\t<\/div><\/div><div  id=\"um_field_557_billing_postcode\" class=\"um-field um-field-text  um-field-billing_postcode um-field-text um-field-type_text\" data-key=\"billing_postcode\"><div class=\"um-field-label\"><label for=\"billing_postcode-557\">Code postal<\/label><div class=\"um-clear\"><\/div><\/div><div class=\"um-field-area\"><input  autocomplete=\"off\" class=\"um-form-field valid not-required \" type=\"text\" name=\"billing_postcode-557\" id=\"billing_postcode-557\" value=\"\" placeholder=\"\" data-validate=\"\" data-key=\"billing_postcode\"  aria-invalid=\"false\" \/>\n\n\t\t\t\t\t\t<\/div><\/div><div  id=\"um_field_557_billing_city\" class=\"um-field um-field-text  um-field-billing_city um-field-text um-field-type_text\" data-key=\"billing_city\"><div class=\"um-field-label\"><label for=\"billing_city-557\">Ville<\/label><div class=\"um-clear\"><\/div><\/div><div class=\"um-field-area\"><input  autocomplete=\"off\" class=\"um-form-field valid not-required \" type=\"text\" name=\"billing_city-557\" id=\"billing_city-557\" value=\"\" placeholder=\"\" data-validate=\"\" data-key=\"billing_city\"  aria-invalid=\"false\" \/>\n\n\t\t\t\t\t\t<\/div><\/div><div  id=\"um_field_557_billing_country\" class=\"um-field um-field-select  um-field-billing_country um-field-select um-field-type_select\" data-key=\"billing_country\"><div class=\"um-field-label\"><label for=\"billing_country-557\">Pays<\/label><div class=\"um-clear\"><\/div><\/div><div class=\"um-field-area  \"><select data-default=\"\"     name=\"billing_country\" id=\"billing_country\" data-validate=\"\" data-key=\"billing_country\" class=\"um-form-field valid not-required um-s1 \" style=\"width: 100%\" data-placeholder=\"\"   aria-invalid=\"false\" ><option value=\"\"><\/option><option value=\"AF\" >AF<\/option><option value=\"AX\" >AX<\/option><option value=\"AL\" >AL<\/option><option value=\"DZ\" >DZ<\/option><option value=\"AS\" >AS<\/option><option value=\"AD\" >AD<\/option><option value=\"AO\" >AO<\/option><option value=\"AI\" >AI<\/option><option value=\"AQ\" >AQ<\/option><option value=\"AG\" >AG<\/option><option value=\"AR\" >AR<\/option><option value=\"AM\" >AM<\/option><option value=\"AW\" >AW<\/option><option value=\"AU\" >AU<\/option><option value=\"AT\" >AT<\/option><option value=\"AZ\" >AZ<\/option><option value=\"BS\" >BS<\/option><option value=\"BH\" >BH<\/option><option value=\"BD\" >BD<\/option><option value=\"BB\" >BB<\/option><option value=\"BY\" >BY<\/option><option value=\"BE\" >BE<\/option><option value=\"BZ\" >BZ<\/option><option value=\"BJ\" >BJ<\/option><option value=\"BM\" >BM<\/option><option value=\"BT\" >BT<\/option><option value=\"BO\" >BO<\/option><option value=\"BA\" >BA<\/option><option value=\"BW\" >BW<\/option><option value=\"BV\" >BV<\/option><option value=\"BR\" >BR<\/option><option value=\"IO\" >IO<\/option><option value=\"BN\" >BN<\/option><option value=\"BG\" >BG<\/option><option value=\"BF\" >BF<\/option><option value=\"BI\" >BI<\/option><option value=\"KH\" >KH<\/option><option value=\"CM\" >CM<\/option><option value=\"CA\" >CA<\/option><option value=\"CV\" >CV<\/option><option value=\"KY\" >KY<\/option><option value=\"CF\" >CF<\/option><option value=\"TD\" >TD<\/option><option value=\"CL\" >CL<\/option><option value=\"CN\" >CN<\/option><option value=\"CX\" >CX<\/option><option value=\"CC\" >CC<\/option><option value=\"CO\" >CO<\/option><option value=\"KM\" >KM<\/option><option value=\"CG\" >CG<\/option><option value=\"CD\" >CD<\/option><option value=\"CK\" >CK<\/option><option value=\"CR\" >CR<\/option><option value=\"CI\" >CI<\/option><option value=\"HR\" >HR<\/option><option value=\"CU\" >CU<\/option><option value=\"CY\" >CY<\/option><option value=\"CZ\" >CZ<\/option><option value=\"DK\" >DK<\/option><option value=\"DJ\" >DJ<\/option><option value=\"DM\" >DM<\/option><option value=\"DO\" >DO<\/option><option value=\"EC\" >EC<\/option><option value=\"EG\" >EG<\/option><option value=\"SV\" >SV<\/option><option value=\"GQ\" >GQ<\/option><option value=\"ER\" >ER<\/option><option value=\"EE\" >EE<\/option><option value=\"ET\" >ET<\/option><option value=\"FK\" >FK<\/option><option value=\"FO\" >FO<\/option><option value=\"FJ\" >FJ<\/option><option value=\"FI\" >FI<\/option><option value=\"FR\" >FR<\/option><option value=\"GY\" >GY<\/option><option value=\"PF\" >PF<\/option><option value=\"TF\" >TF<\/option><option value=\"GA\" >GA<\/option><option value=\"GM\" >GM<\/option><option value=\"GE\" >GE<\/option><option value=\"DE\" >DE<\/option><option value=\"GH\" >GH<\/option><option value=\"GI\" >GI<\/option><option value=\"GR\" >GR<\/option><option value=\"GL\" >GL<\/option><option value=\"GD\" >GD<\/option><option value=\"GP\" >GP<\/option><option value=\"GU\" >GU<\/option><option value=\"GT\" >GT<\/option><option value=\"GG\" >GG<\/option><option value=\"GN\" >GN<\/option><option value=\"GW\" >GW<\/option><option value=\"HT\" >HT<\/option><option value=\"HM\" >HM<\/option><option value=\"VA\" >VA<\/option><option value=\"HN\" >HN<\/option><option value=\"HK\" >HK<\/option><option value=\"HU\" >HU<\/option><option value=\"IS\" >IS<\/option><option value=\"IN\" >IN<\/option><option value=\"ID\" >ID<\/option><option value=\"IR\" >IR<\/option><option value=\"IQ\" >IQ<\/option><option value=\"IE\" >IE<\/option><option value=\"IM\" >IM<\/option><option value=\"IL\" >IL<\/option><option value=\"IT\" >IT<\/option><option value=\"JM\" >JM<\/option><option value=\"JP\" >JP<\/option><option value=\"JE\" >JE<\/option><option value=\"JO\" >JO<\/option><option value=\"KZ\" >KZ<\/option><option value=\"KE\" >KE<\/option><option value=\"KI\" >KI<\/option><option value=\"KP\" >KP<\/option><option value=\"KR\" >KR<\/option><option value=\"KW\" >KW<\/option><option value=\"KG\" >KG<\/option><option value=\"LA\" >LA<\/option><option value=\"LV\" >LV<\/option><option value=\"LB\" >LB<\/option><option value=\"LS\" >LS<\/option><option value=\"LR\" >LR<\/option><option value=\"LY\" >LY<\/option><option value=\"LI\" >LI<\/option><option value=\"LT\" >LT<\/option><option value=\"LU\" >LU<\/option><option value=\"MO\" >MO<\/option><option value=\"MK\" >MK<\/option><option value=\"MG\" >MG<\/option><option value=\"MW\" >MW<\/option><option value=\"MY\" >MY<\/option><option value=\"MV\" >MV<\/option><option value=\"ML\" >ML<\/option><option value=\"MT\" >MT<\/option><option value=\"MH\" >MH<\/option><option value=\"MQ\" >MQ<\/option><option value=\"MR\" >MR<\/option><option value=\"MU\" >MU<\/option><option value=\"YT\" >YT<\/option><option value=\"MX\" >MX<\/option><option value=\"FM\" >FM<\/option><option value=\"MD\" >MD<\/option><option value=\"MC\" >MC<\/option><option value=\"MN\" >MN<\/option><option value=\"ME\" >ME<\/option><option value=\"MS\" >MS<\/option><option value=\"MA\" >MA<\/option><option value=\"MZ\" >MZ<\/option><option value=\"MM\" >MM<\/option><option value=\"NA\" >NA<\/option><option value=\"NR\" >NR<\/option><option value=\"NP\" >NP<\/option><option value=\"NL\" >NL<\/option><option value=\"AN\" >AN<\/option><option value=\"NC\" >NC<\/option><option value=\"NZ\" >NZ<\/option><option value=\"NI\" >NI<\/option><option value=\"NE\" >NE<\/option><option value=\"NG\" >NG<\/option><option value=\"NU\" >NU<\/option><option value=\"NF\" >NF<\/option><option value=\"MP\" >MP<\/option><option value=\"NO\" >NO<\/option><option value=\"OM\" >OM<\/option><option value=\"PK\" >PK<\/option><option value=\"PW\" >PW<\/option><option value=\"PS\" >PS<\/option><option value=\"PA\" >PA<\/option><option value=\"PG\" >PG<\/option><option value=\"PY\" >PY<\/option><option value=\"PE\" >PE<\/option><option value=\"PH\" >PH<\/option><option value=\"PN\" >PN<\/option><option value=\"PL\" >PL<\/option><option value=\"PT\" >PT<\/option><option value=\"PR\" >PR<\/option><option value=\"QA\" >QA<\/option><option value=\"RE\" >RE<\/option><option value=\"RO\" >RO<\/option><option value=\"RU\" >RU<\/option><option value=\"RW\" >RW<\/option><option value=\"BL\" >BL<\/option><option value=\"SH\" >SH<\/option><option value=\"KN\" >KN<\/option><option value=\"LC\" >LC<\/option><option value=\"MF\" >MF<\/option><option value=\"PM\" >PM<\/option><option value=\"VC\" >VC<\/option><option value=\"WS\" >WS<\/option><option value=\"SM\" >SM<\/option><option value=\"ST\" >ST<\/option><option value=\"SA\" >SA<\/option><option value=\"SN\" >SN<\/option><option value=\"RS\" >RS<\/option><option value=\"SC\" >SC<\/option><option value=\"SL\" >SL<\/option><option value=\"SG\" >SG<\/option><option value=\"SK\" >SK<\/option><option value=\"SI\" >SI<\/option><option value=\"SB\" >SB<\/option><option value=\"SO\" >SO<\/option><option value=\"ZA\" >ZA<\/option><option value=\"GS\" >GS<\/option><option value=\"SS\" >SS<\/option><option value=\"ES\" >ES<\/option><option value=\"LK\" >LK<\/option><option value=\"SD\" >SD<\/option><option value=\"SR\" >SR<\/option><option value=\"SJ\" >SJ<\/option><option value=\"SZ\" >SZ<\/option><option value=\"SE\" >SE<\/option><option value=\"CH\" >CH<\/option><option value=\"SY\" >SY<\/option><option value=\"TW\" >TW<\/option><option value=\"TJ\" >TJ<\/option><option value=\"TZ\" >TZ<\/option><option value=\"TH\" >TH<\/option><option value=\"TL\" >TL<\/option><option value=\"TG\" >TG<\/option><option value=\"TK\" >TK<\/option><option value=\"TO\" >TO<\/option><option value=\"TT\" >TT<\/option><option value=\"TN\" >TN<\/option><option value=\"TR\" >TR<\/option><option value=\"TM\" >TM<\/option><option value=\"TC\" >TC<\/option><option value=\"TV\" >TV<\/option><option value=\"UG\" >UG<\/option><option value=\"UA\" >UA<\/option><option value=\"AE\" >AE<\/option><option value=\"GB\" >GB<\/option><option value=\"US\" >US<\/option><option value=\"UM\" >UM<\/option><option value=\"UY\" >UY<\/option><option value=\"UZ\" >UZ<\/option><option value=\"VU\" >VU<\/option><option value=\"VE\" >VE<\/option><option value=\"VN\" >VN<\/option><option value=\"VG\" >VG<\/option><option value=\"VI\" >VI<\/option><option value=\"WF\" >WF<\/option><option value=\"EH\" >EH<\/option><option value=\"YE\" >YE<\/option><option value=\"ZM\" >ZM<\/option><option value=\"ZW\" >ZW<\/option><\/select><\/div><\/div><\/div><\/div>\t<input type=\"hidden\" name=\"form_id\" id=\"form_id_557\" value=\"557\" \/>\n\t\t<p class=\"um_request_name\">\n\t\t<label for=\"um_request_557\">Only fill in if you are not human<\/label>\n\t\t<input type=\"hidden\" name=\"um_request\" id=\"um_request_557\" class=\"input\" value=\"\" size=\"25\" autocomplete=\"off\" \/>\n\t<\/p>\n\t<input type=\"hidden\" id=\"_wpnonce\" name=\"_wpnonce\" value=\"d8082ca8b4\" \/><input type=\"hidden\" name=\"_wp_http_referer\" value=\"\/nl\/wp-json\/wp\/v2\/pages\/570\" \/>\n<div class=\"g-recaptcha\" id=\"um-557\" data-mode=\"register\"><\/div>\n\n\n\t<div class=\"um-col-alt\">\n\n\t\t\n\t\t\t<div class=\"um-center\">\n\t\t\t\t<input type=\"submit\" value=\"S&#039;inscrire\" class=\"um-button\" id=\"um-submit-btn\" \/>\n\t\t\t<\/div>\n\n\t\t\n\t\t<div class=\"um-clear\"><\/div>\n\n\t<\/div>\n\n\t\t\t<\/form>\n\t<\/div>\n<\/div>\n<style>\n\t\t\t.um-557.um {\n\t\t\tmax-width: 500px;\n\t\t}\n\t\t<\/style>\n<\/div>\n\t\t\t\t<\/div>\n\t\t\t\t<\/div>\n\t\t\t\t\t<\/div>\n\t\t<\/div>\n\t\t\t\t\t<\/div>\n\t\t<\/section>\n\t\t\t\t<\/div>\n\t\t","protected":false},"excerpt":{"rendered":"<p>Inschrijven<\/p>\n","protected":false},"author":1,"featured_media":0,"parent":0,"menu_order":0,"comment_status":"closed","ping_status":"closed","template":"","meta":{"footnotes":""},"class_list":["post-570","page","type-page","status-publish","hentry"],"_links":{"self":[{"href":"https:\/\/storflex.be\/nl\/wp-json\/wp\/v2\/pages\/570","targetHints":{"allow":["GET"]}}],"collection":[{"href":"https:\/\/storflex.be\/nl\/wp-json\/wp\/v2\/pages"}],"about":[{"href":"https:\/\/storflex.be\/nl\/wp-json\/wp\/v2\/types\/page"}],"author":[{"embeddable":true,"href":"https:\/\/storflex.be\/nl\/wp-json\/wp\/v2\/users\/1"}],"replies":[{"embeddable":true,"href":"https:\/\/storflex.be\/nl\/wp-json\/wp\/v2\/comments?post=570"}],"version-history":[{"count":14,"href":"https:\/\/storflex.be\/nl\/wp-json\/wp\/v2\/pages\/570\/revisions"}],"predecessor-version":[{"id":1763,"href":"https:\/\/storflex.be\/nl\/wp-json\/wp\/v2\/pages\/570\/revisions\/1763"}],"wp:attachment":[{"href":"https:\/\/storflex.be\/nl\/wp-json\/wp\/v2\/media?parent=570"}],"curies":[{"name":"wp","href":"https:\/\/api.w.org\/{rel}","templated":true}]}}